{"id":2373,"date":"2024-10-14T17:49:58","date_gmt":"2024-10-14T12:19:58","guid":{"rendered":"https:\/\/adultshowphuket.com\/?page_id=2373"},"modified":"2025-05-19T13:34:16","modified_gmt":"2025-05-19T08:04:16","slug":"contactez-nous","status":"publish","type":"page","link":"https:\/\/adultshowphuket.com\/fr\/contactez-nous\/","title":{"rendered":"Contactez-nous"},"content":{"rendered":"<div data-elementor-type=\"wp-page\" data-elementor-id=\"2373\" class=\"elementor elementor-2373\" data-elementor-post-type=\"page\">\n\t\t\t\t\t\t<section data-particle_enable=\"false\" data-particle-mobile-disabled=\"false\" class=\"elementor-section elementor-top-section elementor-element elementor-element-f3e94ce elementor-section-boxed elementor-section-height-default elementor-section-height-default\" data-id=\"f3e94ce\" data-element_type=\"section\" data-e-type=\"section\">\n\t\t\t\t\t\t<div class=\"elementor-container elementor-column-gap-default\">\n\t\t\t\t\t<div class=\"elementor-column elementor-col-100 elementor-top-column elementor-element elementor-element-39bb9e9\" data-id=\"39bb9e9\" data-element_type=\"column\" data-e-type=\"column\">\n\t\t\t<div class=\"elementor-widget-wrap elementor-element-populated\">\n\t\t\t\t\t\t<div class=\"elementor-element elementor-element-7c4897a elementor-widget elementor-widget-text-editor\" data-id=\"7c4897a\" data-element_type=\"widget\" data-e-type=\"widget\" data-widget_type=\"text-editor.default\">\n\t\t\t\t<div class=\"elementor-widget-container\">\n\t\t\t\t\t\t\t\t\t<h2 style=\"text-align: center;\"><span style=\"color: #000000;\"><strong>Contactez-nous<\/strong><\/span><\/h2><p><span style=\"color: #000000;\">\u00c0 <em>Club de r\u00e9veil<\/em> Phuket, nous nous engageons \u00e0 offrir une exp\u00e9rience exceptionnelle \u00e0 tous nos visiteurs. Que vous ayez besoin d&#039;aide pour r\u00e9server des billets, que vous ayez des questions sur le spectacle ou que vous ayez besoin d&#039;aide pour vos projets de voyage, notre \u00e9quipe d\u00e9di\u00e9e est l\u00e0 pour s&#039;assurer que tout se passe bien.<\/span><\/p><hr \/><p><span style=\"color: #000000;\"><strong>Comment nous joindre<\/strong><\/span><\/p><p><span style=\"color: #000000;\">Pour toute question, pr\u00e9occupation ou assistance concernant votre r\u00e9servation, n&#039;h\u00e9sitez pas \u00e0 nous contacter. Nous nous effor\u00e7ons de fournir des r\u00e9ponses rapides et utiles.<\/span><\/p><p><span style=\"color: #000000;\"><strong>E-mail<\/strong>: <strong><a style=\"color: #000000;\" href=\"mailto:contact@adultshowphuket.com\" rel=\"noopener\">contact@adultshowphuket.com<\/a><\/strong><\/span><\/p><p><span style=\"color: #000000;\"><strong>Chat en direct<\/strong><\/span><br \/><span style=\"color: #000000;\">Pour des questions imm\u00e9diates, utilisez notre <a href=\"https:\/\/direct.lc.chat\/18378282\/\"><strong>Chat en direct<\/strong><\/a> pr\u00e9sentez-vous sur notre site Web. Obtenez une aide instantan\u00e9e et r\u00e9solvez vos probl\u00e8mes sans d\u00e9lai.<\/span><\/p><hr \/><p><span style=\"color: #000000;\"><strong>Horaires du service client<\/strong><\/span><\/p><p><span style=\"color: #000000;\">Notre \u00e9quipe de support client est disponible pour vous aider et garantir que votre exp\u00e9rience avec <a href=\"https:\/\/adultshowphuket.com\/fr\"><em>Club de r\u00e9veil<\/em><\/a> est fluide et agr\u00e9able.<\/span><\/p><p><span style=\"color: #000000;\">\ud83d\udd52 <strong>Disponibilit\u00e9 du support<\/strong>:24h\/24, 7j\/7, tous les jours de la semaine.<\/span><\/p><hr \/><p><span style=\"color: #000000;\"><strong>Pourquoi contacter <em>Club de r\u00e9veil<\/em> Phuket ?<\/strong><\/span><\/p><p><span style=\"color: #000000;\">\u00c0 <em>Club de r\u00e9veil<\/em> Phuket, notre objectif est d&#039;offrir un service client exceptionnel pour rendre votre visite m\u00e9morable. Que vous ayez besoin d&#039;aide pour r\u00e9server des billets, que vous ayez des questions sur le spectacle ou que vous ayez besoin d&#039;aide pour le paiement ou les pr\u00e9paratifs de voyage, nous sommes l\u00e0 pour nous assurer que tout est pris en charge.<\/span><\/p><p><span style=\"color: #000000;\">Nous sommes impatients de vous aider \u00e0 d\u00e9couvrir le meilleur divertissement pour adultes \u00e0 Phuket\u00a0!<\/span><\/p>\t\t\t\t\t\t\t\t<\/div>\n\t\t\t\t<\/div>\n\t\t\t\t\t<\/div>\n\t\t<\/div>\n\t\t\t\t\t<\/div>\n\t\t<\/section>\n\t\t\t\t<\/div>","protected":false},"excerpt":{"rendered":"<p>Contact Us At Wake Up Club Phuket, we are committed to providing an exceptional experience for all our visitors. Whether you need assistance with ticket bookings, have questions about the show, or require support for your travel plans, our dedicated team is here to ensure everything goes smoothly. How to Reach Us For any questions, [&hellip;]<\/p>\n","protected":false},"author":1,"featured_media":0,"parent":0,"menu_order":0,"comment_status":"closed","ping_status":"closed","template":"","meta":{"ocean_post_layout":"","ocean_both_sidebars_style":"","ocean_both_sidebars_content_width":0,"ocean_both_sidebars_sidebars_width":0,"ocean_sidebar":"","ocean_second_sidebar":"","ocean_disable_margins":"enable","ocean_add_body_class":"","ocean_shortcode_before_top_bar":"","ocean_shortcode_after_top_bar":"","ocean_shortcode_before_header":"","ocean_shortcode_after_header":"","ocean_has_shortcode":"","ocean_shortcode_after_title":"","ocean_shortcode_before_footer_widgets":"","ocean_shortcode_after_footer_widgets":"","ocean_shortcode_before_footer_bottom":"","ocean_shortcode_after_footer_bottom":"","ocean_display_top_bar":"default","ocean_display_header":"default","ocean_header_style":"","ocean_center_header_left_menu":"","ocean_custom_header_template":"","ocean_custom_logo":0,"ocean_custom_retina_logo":0,"ocean_custom_logo_max_width":0,"ocean_custom_logo_tablet_max_width":0,"ocean_custom_logo_mobile_max_width":0,"ocean_custom_logo_max_height":0,"ocean_custom_logo_tablet_max_height":0,"ocean_custom_logo_mobile_max_height":0,"ocean_header_custom_menu":"","ocean_menu_typo_font_family":"","ocean_menu_typo_font_subset":"","ocean_menu_typo_font_size":0,"ocean_menu_typo_font_size_tablet":0,"ocean_menu_typo_font_size_mobile":0,"ocean_menu_typo_font_size_unit":"px","ocean_menu_typo_font_weight":"","ocean_menu_typo_font_weight_tablet":"","ocean_menu_typo_font_weight_mobile":"","ocean_menu_typo_transform":"","ocean_menu_typo_transform_tablet":"","ocean_menu_typo_transform_mobile":"","ocean_menu_typo_line_height":0,"ocean_menu_typo_line_height_tablet":0,"ocean_menu_typo_line_height_mobile":0,"ocean_menu_typo_line_height_unit":"","ocean_menu_typo_spacing":0,"ocean_menu_typo_spacing_tablet":0,"ocean_menu_typo_spacing_mobile":0,"ocean_menu_typo_spacing_unit":"","ocean_menu_link_color":"","ocean_menu_link_color_hover":"","ocean_menu_link_color_active":"","ocean_menu_link_background":"","ocean_menu_link_hover_background":"","ocean_menu_link_active_background":"","ocean_menu_social_links_bg":"","ocean_menu_social_hover_links_bg":"","ocean_menu_social_links_color":"","ocean_menu_social_hover_links_color":"","ocean_disable_title":"default","ocean_disable_heading":"default","ocean_post_title":"","ocean_post_subheading":"","ocean_post_title_style":"","ocean_post_title_background_color":"","ocean_post_title_background":0,"ocean_post_title_bg_image_position":"","ocean_post_title_bg_image_attachment":"","ocean_post_title_bg_image_repeat":"","ocean_post_title_bg_image_size":"","ocean_post_title_height":0,"ocean_post_title_bg_overlay":0.5,"ocean_post_title_bg_overlay_color":"","ocean_disable_breadcrumbs":"default","ocean_breadcrumbs_color":"","ocean_breadcrumbs_separator_color":"","ocean_breadcrumbs_links_color":"","ocean_breadcrumbs_links_hover_color":"","ocean_display_footer_widgets":"default","ocean_display_footer_bottom":"default","ocean_custom_footer_template":"","footnotes":""},"class_list":["post-2373","page","type-page","status-publish","hentry","entry","owp-thumbs-layout-horizontal","owp-btn-normal","owp-tabs-layout-horizontal","has-no-thumbnails","has-product-nav"],"yoast_head":"<!-- This site is optimized with the Yoast SEO plugin v27.3 - https:\/\/yoast.com\/product\/yoast-seo-wordpress\/ -->\n<title>Contact Us | Adult Show Phuket Tickets - Reach Triplyn Team<\/title>\n<meta name=\"description\" content=\"Connect With Adult Show Phuket For Ticket Booking Assistance And Inquiries. Reach Out Today For A Smooth And Enjoyable Experience!\" \/>\n<meta name=\"robots\" content=\"noindex, follow\" \/>\n<meta property=\"og:locale\" content=\"fr_FR\" \/>\n<meta property=\"og:type\" content=\"article\" \/>\n<meta property=\"og:title\" content=\"Contact Us | Adult Show Phuket Tickets - Reach Triplyn Team\" \/>\n<meta property=\"og:description\" content=\"Connect With Adult Show Phuket For Ticket Booking Assistance And Inquiries. Reach Out Today For A Smooth And Enjoyable Experience!\" \/>\n<meta property=\"og:url\" content=\"https:\/\/adultshowphuket.com\/fr\/contactez-nous\/\" \/>\n<meta property=\"og:site_name\" content=\"Adult Show Phuket\" \/>\n<meta property=\"article:modified_time\" content=\"2025-05-19T08:04:16+00:00\" \/>\n<meta name=\"twitter:card\" content=\"summary_large_image\" \/>\n<meta name=\"twitter:label1\" content=\"Dur\u00e9e de lecture estim\u00e9e\" \/>\n\t<meta name=\"twitter:data1\" content=\"2 minutes\" \/>\n<script type=\"application\/ld+json\" class=\"yoast-schema-graph\">{\"@context\":\"https:\\\/\\\/schema.org\",\"@graph\":[{\"@type\":\"WebPage\",\"@id\":\"https:\\\/\\\/adultshowphuket.com\\\/contact-us\\\/\",\"url\":\"https:\\\/\\\/adultshowphuket.com\\\/contact-us\\\/\",\"name\":\"Contact Us | Adult Show Phuket Tickets - Reach Triplyn Team\",\"isPartOf\":{\"@id\":\"https:\\\/\\\/adultshowphuket.com\\\/#website\"},\"datePublished\":\"2024-10-14T12:19:58+00:00\",\"dateModified\":\"2025-05-19T08:04:16+00:00\",\"description\":\"Connect With Adult Show Phuket For Ticket Booking Assistance And Inquiries. Reach Out Today For A Smooth And Enjoyable Experience!\",\"breadcrumb\":{\"@id\":\"https:\\\/\\\/adultshowphuket.com\\\/contact-us\\\/#breadcrumb\"},\"inLanguage\":\"fr-FR\",\"potentialAction\":[{\"@type\":\"ReadAction\",\"target\":[\"https:\\\/\\\/adultshowphuket.com\\\/contact-us\\\/\"]}]},{\"@type\":\"BreadcrumbList\",\"@id\":\"https:\\\/\\\/adultshowphuket.com\\\/contact-us\\\/#breadcrumb\",\"itemListElement\":[{\"@type\":\"ListItem\",\"position\":1,\"name\":\"Home\",\"item\":\"https:\\\/\\\/adultshowphuket.com\\\/\"},{\"@type\":\"ListItem\",\"position\":2,\"name\":\"Contact Us\"}]},{\"@type\":\"WebSite\",\"@id\":\"https:\\\/\\\/adultshowphuket.com\\\/#website\",\"url\":\"https:\\\/\\\/adultshowphuket.com\\\/\",\"name\":\"Adult Show Phuket\",\"description\":\"\",\"publisher\":{\"@id\":\"https:\\\/\\\/adultshowphuket.com\\\/#organization\"},\"potentialAction\":[{\"@type\":\"SearchAction\",\"target\":{\"@type\":\"EntryPoint\",\"urlTemplate\":\"https:\\\/\\\/adultshowphuket.com\\\/?s={search_term_string}\"},\"query-input\":{\"@type\":\"PropertyValueSpecification\",\"valueRequired\":true,\"valueName\":\"search_term_string\"}}],\"inLanguage\":\"fr-FR\"},{\"@type\":\"Organization\",\"@id\":\"https:\\\/\\\/adultshowphuket.com\\\/#organization\",\"name\":\"Adult Show Phuket\",\"url\":\"https:\\\/\\\/adultshowphuket.com\\\/\",\"logo\":{\"@type\":\"ImageObject\",\"inLanguage\":\"fr-FR\",\"@id\":\"https:\\\/\\\/adultshowphuket.com\\\/#\\\/schema\\\/logo\\\/image\\\/\",\"url\":\"https:\\\/\\\/adultshowphuket.com\\\/wp-content\\\/uploads\\\/2024\\\/08\\\/Adult-Show-Phuket.png\",\"contentUrl\":\"https:\\\/\\\/adultshowphuket.com\\\/wp-content\\\/uploads\\\/2024\\\/08\\\/Adult-Show-Phuket.png\",\"width\":350,\"height\":100,\"caption\":\"Adult Show Phuket\"},\"image\":{\"@id\":\"https:\\\/\\\/adultshowphuket.com\\\/#\\\/schema\\\/logo\\\/image\\\/\"}}]}<\/script>\n<!-- \/ Yoast SEO plugin. -->","yoast_head_json":{"title":"Contactez-nous | Billets pour le spectacle pour adultes \u00e0 Phuket - Rejoindre l&#039;\u00e9quipe Triplyn","description":"Contactez Adult Show Phuket pour obtenir de l&#039;aide et des renseignements sur la r\u00e9servation de billets. Contactez-nous d\u00e8s aujourd&#039;hui pour une exp\u00e9rience fluide et agr\u00e9able !","robots":{"index":"noindex","follow":"follow"},"og_locale":"fr_FR","og_type":"article","og_title":"Contact Us | Adult Show Phuket Tickets - Reach Triplyn Team","og_description":"Connect With Adult Show Phuket For Ticket Booking Assistance And Inquiries. Reach Out Today For A Smooth And Enjoyable Experience!","og_url":"https:\/\/adultshowphuket.com\/fr\/contactez-nous\/","og_site_name":"Adult Show Phuket","article_modified_time":"2025-05-19T08:04:16+00:00","twitter_card":"summary_large_image","twitter_misc":{"Dur\u00e9e de lecture estim\u00e9e":"2 minutes"},"schema":{"@context":"https:\/\/schema.org","@graph":[{"@type":"WebPage","@id":"https:\/\/adultshowphuket.com\/contact-us\/","url":"https:\/\/adultshowphuket.com\/contact-us\/","name":"Contactez-nous | Billets pour le spectacle pour adultes \u00e0 Phuket - Rejoindre l&#039;\u00e9quipe Triplyn","isPartOf":{"@id":"https:\/\/adultshowphuket.com\/#website"},"datePublished":"2024-10-14T12:19:58+00:00","dateModified":"2025-05-19T08:04:16+00:00","description":"Contactez Adult Show Phuket pour obtenir de l&#039;aide et des renseignements sur la r\u00e9servation de billets. Contactez-nous d\u00e8s aujourd&#039;hui pour une exp\u00e9rience fluide et agr\u00e9able !","breadcrumb":{"@id":"https:\/\/adultshowphuket.com\/contact-us\/#breadcrumb"},"inLanguage":"fr-FR","potentialAction":[{"@type":"ReadAction","target":["https:\/\/adultshowphuket.com\/contact-us\/"]}]},{"@type":"BreadcrumbList","@id":"https:\/\/adultshowphuket.com\/contact-us\/#breadcrumb","itemListElement":[{"@type":"ListItem","position":1,"name":"Home","item":"https:\/\/adultshowphuket.com\/"},{"@type":"ListItem","position":2,"name":"Contact Us"}]},{"@type":"WebSite","@id":"https:\/\/adultshowphuket.com\/#website","url":"https:\/\/adultshowphuket.com\/","name":"Spectacle pour adultes \u00e0 Phuket","description":"","publisher":{"@id":"https:\/\/adultshowphuket.com\/#organization"},"potentialAction":[{"@type":"SearchAction","target":{"@type":"EntryPoint","urlTemplate":"https:\/\/adultshowphuket.com\/?s={search_term_string}"},"query-input":{"@type":"PropertyValueSpecification","valueRequired":true,"valueName":"search_term_string"}}],"inLanguage":"fr-FR"},{"@type":"Organization","@id":"https:\/\/adultshowphuket.com\/#organization","name":"Spectacle pour adultes \u00e0 Phuket","url":"https:\/\/adultshowphuket.com\/","logo":{"@type":"ImageObject","inLanguage":"fr-FR","@id":"https:\/\/adultshowphuket.com\/#\/schema\/logo\/image\/","url":"https:\/\/adultshowphuket.com\/wp-content\/uploads\/2024\/08\/Adult-Show-Phuket.png","contentUrl":"https:\/\/adultshowphuket.com\/wp-content\/uploads\/2024\/08\/Adult-Show-Phuket.png","width":350,"height":100,"caption":"Adult Show Phuket"},"image":{"@id":"https:\/\/adultshowphuket.com\/#\/schema\/logo\/image\/"}}]}},"jetpack_sharing_enabled":true,"_links":{"self":[{"href":"https:\/\/adultshowphuket.com\/fr\/wp-json\/wp\/v2\/pages\/2373","targetHints":{"allow":["GET"]}}],"collection":[{"href":"https:\/\/adultshowphuket.com\/fr\/wp-json\/wp\/v2\/pages"}],"about":[{"href":"https:\/\/adultshowphuket.com\/fr\/wp-json\/wp\/v2\/types\/page"}],"author":[{"embeddable":true,"href":"https:\/\/adultshowphuket.com\/fr\/wp-json\/wp\/v2\/users\/1"}],"replies":[{"embeddable":true,"href":"https:\/\/adultshowphuket.com\/fr\/wp-json\/wp\/v2\/comments?post=2373"}],"version-history":[{"count":32,"href":"https:\/\/adultshowphuket.com\/fr\/wp-json\/wp\/v2\/pages\/2373\/revisions"}],"predecessor-version":[{"id":3302,"href":"https:\/\/adultshowphuket.com\/fr\/wp-json\/wp\/v2\/pages\/2373\/revisions\/3302"}],"wp:attachment":[{"href":"https:\/\/adultshowphuket.com\/fr\/wp-json\/wp\/v2\/media?parent=2373"}],"curies":[{"name":"wp","href":"https:\/\/api.w.org\/{rel}","templated":true}]}}