{"id":3,"date":"2024-08-27T12:39:40","date_gmt":"2024-08-27T12:39:40","guid":{"rendered":"https:\/\/adultshowphuket.com\/?page_id=3"},"modified":"2024-11-21T23:00:21","modified_gmt":"2024-11-21T17:30:21","slug":"politica-de-privacidad","status":"publish","type":"page","link":"https:\/\/adultshowphuket.com\/es\/politica-de-privacidad\/","title":{"rendered":"pol\u00edtica de privacidad"},"content":{"rendered":"<div data-elementor-type=\"wp-page\" data-elementor-id=\"3\" class=\"elementor elementor-3\" data-elementor-post-type=\"page\">\n\t\t\t\t\t\t<section data-particle_enable=\"false\" data-particle-mobile-disabled=\"false\" class=\"elementor-section elementor-top-section elementor-element elementor-element-dc0f9af elementor-section-boxed elementor-section-height-default elementor-section-height-default\" data-id=\"dc0f9af\" data-element_type=\"section\" data-e-type=\"section\">\n\t\t\t\t\t\t<div class=\"elementor-container elementor-column-gap-default\">\n\t\t\t\t\t<div class=\"elementor-column elementor-col-100 elementor-top-column elementor-element elementor-element-4ce1bb3\" data-id=\"4ce1bb3\" data-element_type=\"column\" data-e-type=\"column\">\n\t\t\t<div class=\"elementor-widget-wrap elementor-element-populated\">\n\t\t\t\t\t\t<div class=\"elementor-element elementor-element-feae045 elementor-widget elementor-widget-text-editor\" data-id=\"feae045\" data-element_type=\"widget\" data-e-type=\"widget\" data-widget_type=\"text-editor.default\">\n\t\t\t\t<div class=\"elementor-widget-container\">\n\t\t\t\t\t\t\t\t\t<h2 style=\"text-align: center;\"><span style=\"color: #000000;\"><strong>Pol\u00edtica de privacidad de entradas para espect\u00e1culos para adultos de Wake Up Club<\/strong><\/span><\/h2><p><span style=\"color: #000000;\">En <em>Club del despertar<\/em> Phuket, operado por <em>Vacaciones en Triplyn<\/em>Priorizamos la privacidad y seguridad de nuestros visitantes y clientes. Esta Pol\u00edtica de privacidad explica c\u00f3mo recopilamos, usamos y salvaguardamos su informaci\u00f3n personal cuando interact\u00faa con nuestro sitio web. <a style=\"color: #000000;\" href=\"https:\/\/adultshowphuket.com\/es\/\" target=\"_new\" rel=\"noopener\">https:\/\/adultshowphuket.com<\/a>.<\/span><\/p><hr \/><p><span style=\"color: #000000;\"><strong>1. Informaci\u00f3n que recopilamos<\/strong><\/span><\/p><p><span style=\"color: #000000;\">Para mejorar su experiencia y brindar servicios sin inconvenientes, recopilamos los siguientes tipos de datos:<\/span><\/p><ul><li><span style=\"color: #000000;\"><strong>Datos personales<\/strong>:Su nombre, informaci\u00f3n de contacto y direcci\u00f3n de correo electr\u00f3nico durante las reservas de entradas o consultas.<\/span><\/li><li><span style=\"color: #000000;\"><strong>Datos de pago<\/strong>:Procesado de forma segura a trav\u00e9s de sistemas de terceros para fines transaccionales.<\/span><\/li><li><span style=\"color: #000000;\"><strong>Informaci\u00f3n sobre el uso del sitio<\/strong>:Incluye direcciones IP, tipos de navegador y cookies para analizar el tr\u00e1fico del sitio y mejorar la experiencia del usuario.<\/span><\/li><\/ul><hr \/><p><span style=\"color: #000000;\"><strong>2. C\u00f3mo utilizamos su informaci\u00f3n<\/strong><\/span><\/p><p><span style=\"color: #000000;\">Utilizamos su informaci\u00f3n para los siguientes fines:<\/span><\/p><ul><li><span style=\"color: #000000;\"><strong>Procesamiento de reservas<\/strong>:Para completar y gestionar sus reservas y reservas de billetes.<\/span><\/li><li><span style=\"color: #000000;\"><strong>Atenci\u00f3n al cliente<\/strong>:Para ayudarle con sus consultas y brindarle apoyo durante su visita.<\/span><\/li><li><span style=\"color: #000000;\"><strong>Comunicaci\u00f3n<\/strong>:Para enviar detalles de confirmaci\u00f3n, actualizaciones y cualquier informaci\u00f3n relevante sobre su reserva.<\/span><\/li><li><span style=\"color: #000000;\"><strong>Optimizaci\u00f3n de sitios web<\/strong>:Para mejorar la funcionalidad y la experiencia del usuario en funci\u00f3n del an\u00e1lisis del tr\u00e1fico del sitio.<\/span><\/li><li><span style=\"color: #000000;\"><strong>Marketing<\/strong>:Para enviar correos electr\u00f3nicos promocionales, ofertas y boletines informativos (con su consentimiento).<\/span><\/li><\/ul><hr \/><p><span style=\"color: #000000;\"><strong>3. Seguridad de los datos<\/strong><\/span><\/p><p><span style=\"color: #000000;\">Nos comprometemos a proteger su informaci\u00f3n personal. Utilizamos cifrado SSL y protocolos internos seguros para proteger sus datos del acceso no autorizado.<\/span><\/p><hr \/><p><span style=\"color: #000000;\"><strong>4. Compartir su informaci\u00f3n<\/strong><\/span><\/p><p><span style=\"color: #000000;\">No vendemos sus datos personales. Sin embargo, su informaci\u00f3n puede ser compartida con socios de confianza, como procesadores de pagos, para garantizar una prestaci\u00f3n de servicios sin inconvenientes. Todos los socios est\u00e1n obligados a mantener la confidencialidad de sus datos.<\/span><\/p><hr \/><p><span style=\"color: #000000;\"><strong>5. Sus derechos<\/strong><\/span><\/p><p><span style=\"color: #000000;\">Tienes derecho a:<\/span><\/p><ul><li><span style=\"color: #000000;\"><strong>Acceso<\/strong>:Ver los datos que hemos recopilado de usted.<\/span><\/li><li><span style=\"color: #000000;\"><strong>Correcci\u00f3n<\/strong>:Solicitar actualizaciones o correcciones a informaci\u00f3n inexacta.<\/span><\/li><li><span style=\"color: #000000;\"><strong>Supresi\u00f3n<\/strong>:Solicitar la eliminaci\u00f3n de sus datos cuando ya no sean necesarios.<\/span><\/li><li><span style=\"color: #000000;\"><strong>Exclusi\u00f3n voluntaria<\/strong>:Puede darse de baja de los correos electr\u00f3nicos de marketing en cualquier momento comunic\u00e1ndose con nosotros a <strong><a style=\"color: #000000;\" href=\"mailto:contact@adultshowphuket.com\" rel=\"noopener\">contact@adultshowphuket.com<\/a><\/strong>.<\/span><\/li><\/ul><hr \/><p><span style=\"color: #000000;\"><strong>6. Cookies<\/strong><\/span><\/p><p><span style=\"color: #000000;\">Utilizamos cookies para mejorar su experiencia de navegaci\u00f3n en nuestro sitio web. Puede ajustar sus preferencias de cookies a trav\u00e9s de la configuraci\u00f3n de su navegador si desea desactivarlas.<\/span><\/p><hr \/><p><span style=\"color: #000000;\"><strong>7. Enlaces de terceros<\/strong><\/span><\/p><p><span style=\"color: #000000;\">Nuestro sitio web puede contener enlaces a sitios web externos. Revise sus pol\u00edticas de privacidad, ya que no somos responsables de sus pr\u00e1cticas de recopilaci\u00f3n y uso de datos.<\/span><\/p><hr \/><p><span style=\"color: #000000;\"><strong>8. Actualizaciones de pol\u00edticas<\/strong><\/span><\/p><p><span style=\"color: #000000;\">Es posible que actualicemos esta pol\u00edtica de privacidad peri\u00f3dicamente. Cualquier cambio se publicar\u00e1 en esta p\u00e1gina y le recomendamos que la revise peri\u00f3dicamente para mantenerse informado sobre c\u00f3mo protegemos sus datos.<\/span><\/p><hr \/><p><span style=\"color: #000000;\"><strong>9. Informaci\u00f3n de contacto<\/strong><\/span><\/p><ul><li><span style=\"color: #000000;\"><strong>nombre de empresa<\/strong>: <em>Vacaciones en Triplyn<\/em><\/span><\/li><li><span style=\"color: #000000;\"><strong>DIRECCI\u00d3N<\/strong>: A-54, zona industrial de Keshopur, Vikaspuri, Nueva Delhi 110018, India<\/span><\/li><li><span style=\"color: #000000;\"><strong>Correo electr\u00f3nico<\/strong>: <strong><a style=\"color: #000000;\" href=\"mailto:contact@adultshowphuket.com\" rel=\"noopener\">contact@adultshowphuket.com<\/a><\/strong><\/span><\/li><\/ul><p><span style=\"color: #000000;\">Para cualquier pregunta o inquietud con respecto a esta pol\u00edtica, no dude en contactarnos.<\/span><\/p><hr \/><p><span style=\"color: #000000;\"><strong>10. Consentimiento y cumplimiento legal<\/strong><\/span><\/p><p><span style=\"color: #000000;\">Al utilizar nuestro sitio web, usted acepta los t\u00e9rminos de esta Pol\u00edtica de privacidad. Cumplimos con todas las leyes de protecci\u00f3n de datos aplicables, incluido el RGPD, para garantizar que sus derechos se respeten y defiendan.<\/span><\/p><hr \/><p><span style=\"color: #000000;\"><strong>11. Privacidad de los ni\u00f1os<\/strong><\/span><\/p><p><span style=\"color: #000000;\">No recopilamos ni solicitamos deliberadamente datos personales de ni\u00f1os menores de 13 a\u00f1os. Si descubrimos que dichos datos se han recopilado inadvertidamente, los eliminaremos de inmediato.<\/span><\/p><hr \/><p><span style=\"color: #000000;\"><strong>12. Retenci\u00f3n de datos<\/strong><\/span><\/p><p><span style=\"color: #000000;\">Conservamos los datos personales \u00fanicamente durante el tiempo necesario para prestar servicios y cumplir con las obligaciones legales. Si lo solicita, eliminaremos de forma segura los datos que ya no sean necesarios.<\/span><\/p><p><span style=\"color: #000000;\"><em>Vacaciones en Triplyn<\/em> se dedica a garantizar que sus datos se manejen con el m\u00e1s alto nivel de cuidado y protecci\u00f3n durante sus interacciones con <a href=\"https:\/\/adultshowphuket.com\/es\"><em>Club del despertar<\/em> Phuket<\/a>.<\/span><\/p>\t\t\t\t\t\t\t\t<\/div>\n\t\t\t\t<\/div>\n\t\t\t\t\t<\/div>\n\t\t<\/div>\n\t\t\t\t\t<\/div>\n\t\t<\/section>\n\t\t\t\t<\/div>","protected":false},"excerpt":{"rendered":"<p>Privacy Policy for Wake Up Club Adult Show Tickets At Wake Up Club Phuket, operated by Triplyn Holidays, we prioritize the privacy and security of our visitors and customers. This Privacy Policy explains how we collect, use, and safeguard your personal information when you interact with our website, https:\/\/adultshowphuket.com. 1. Information We Collect To improve [&hellip;]<\/p>\n","protected":false},"author":1,"featured_media":0,"parent":0,"menu_order":0,"comment_status":"closed","ping_status":"open","template":"","meta":{"ocean_post_layout":"","ocean_both_sidebars_style":"","ocean_both_sidebars_content_width":0,"ocean_both_sidebars_sidebars_width":0,"ocean_sidebar":"","ocean_second_sidebar":"","ocean_disable_margins":"enable","ocean_add_body_class":"","ocean_shortcode_before_top_bar":"","ocean_shortcode_after_top_bar":"","ocean_shortcode_before_header":"","ocean_shortcode_after_header":"","ocean_has_shortcode":"","ocean_shortcode_after_title":"","ocean_shortcode_before_footer_widgets":"","ocean_shortcode_after_footer_widgets":"","ocean_shortcode_before_footer_bottom":"","ocean_shortcode_after_footer_bottom":"","ocean_display_top_bar":"default","ocean_display_header":"default","ocean_header_style":"","ocean_center_header_left_menu":"","ocean_custom_header_template":"","ocean_custom_logo":0,"ocean_custom_retina_logo":0,"ocean_custom_logo_max_width":0,"ocean_custom_logo_tablet_max_width":0,"ocean_custom_logo_mobile_max_width":0,"ocean_custom_logo_max_height":0,"ocean_custom_logo_tablet_max_height":0,"ocean_custom_logo_mobile_max_height":0,"ocean_header_custom_menu":"","ocean_menu_typo_font_family":"","ocean_menu_typo_font_subset":"","ocean_menu_typo_font_size":0,"ocean_menu_typo_font_size_tablet":0,"ocean_menu_typo_font_size_mobile":0,"ocean_menu_typo_font_size_unit":"px","ocean_menu_typo_font_weight":"","ocean_menu_typo_font_weight_tablet":"","ocean_menu_typo_font_weight_mobile":"","ocean_menu_typo_transform":"","ocean_menu_typo_transform_tablet":"","ocean_menu_typo_transform_mobile":"","ocean_menu_typo_line_height":0,"ocean_menu_typo_line_height_tablet":0,"ocean_menu_typo_line_height_mobile":0,"ocean_menu_typo_line_height_unit":"","ocean_menu_typo_spacing":0,"ocean_menu_typo_spacing_tablet":0,"ocean_menu_typo_spacing_mobile":0,"ocean_menu_typo_spacing_unit":"","ocean_menu_link_color":"","ocean_menu_link_color_hover":"","ocean_menu_link_color_active":"","ocean_menu_link_background":"","ocean_menu_link_hover_background":"","ocean_menu_link_active_background":"","ocean_menu_social_links_bg":"","ocean_menu_social_hover_links_bg":"","ocean_menu_social_links_color":"","ocean_menu_social_hover_links_color":"","ocean_disable_title":"default","ocean_disable_heading":"default","ocean_post_title":"","ocean_post_subheading":"","ocean_post_title_style":"","ocean_post_title_background_color":"","ocean_post_title_background":0,"ocean_post_title_bg_image_position":"","ocean_post_title_bg_image_attachment":"","ocean_post_title_bg_image_repeat":"","ocean_post_title_bg_image_size":"","ocean_post_title_height":0,"ocean_post_title_bg_overlay":0.5,"ocean_post_title_bg_overlay_color":"","ocean_disable_breadcrumbs":"default","ocean_breadcrumbs_color":"","ocean_breadcrumbs_separator_color":"","ocean_breadcrumbs_links_color":"","ocean_breadcrumbs_links_hover_color":"","ocean_display_footer_widgets":"default","ocean_display_footer_bottom":"default","ocean_custom_footer_template":"","footnotes":""},"class_list":["post-3","page","type-page","status-publish","hentry","entry","owp-thumbs-layout-horizontal","owp-btn-normal","owp-tabs-layout-horizontal","has-no-thumbnails","has-product-nav"],"yoast_head":"<!-- This site is optimized with the Yoast SEO plugin v27.4 - https:\/\/yoast.com\/product\/yoast-seo-wordpress\/ -->\n<title>Privacy Policy | Adult Show Phuket Tickets - Triplyn<\/title>\n<meta name=\"description\" content=\"Read Our Privacy Policy To Learn How Adult Show Phuket Protects Your Data. Your Trust Matters To Us For A Safe, Secure Booking.\" \/>\n<meta name=\"robots\" content=\"noindex, follow\" \/>\n<meta property=\"og:locale\" content=\"es_ES\" \/>\n<meta property=\"og:type\" content=\"article\" \/>\n<meta property=\"og:title\" content=\"Privacy Policy | Adult Show Phuket Tickets - Triplyn\" \/>\n<meta property=\"og:description\" content=\"Read Our Privacy Policy To Learn How Adult Show Phuket Protects Your Data. Your Trust Matters To Us For A Safe, Secure Booking.\" \/>\n<meta property=\"og:url\" content=\"https:\/\/adultshowphuket.com\/es\/politica-de-privacidad\/\" \/>\n<meta property=\"og:site_name\" content=\"Adult Show Phuket\" \/>\n<meta property=\"article:modified_time\" content=\"2024-11-21T17:30:21+00:00\" \/>\n<meta name=\"twitter:card\" content=\"summary_large_image\" \/>\n<meta name=\"twitter:label1\" content=\"Tiempo de lectura\" \/>\n\t<meta name=\"twitter:data1\" content=\"3 minutos\" \/>\n<script type=\"application\/ld+json\" class=\"yoast-schema-graph\">{\"@context\":\"https:\\\/\\\/schema.org\",\"@graph\":[{\"@type\":\"WebPage\",\"@id\":\"https:\\\/\\\/adultshowphuket.com\\\/privacy-policy\\\/\",\"url\":\"https:\\\/\\\/adultshowphuket.com\\\/privacy-policy\\\/\",\"name\":\"Privacy Policy | Adult Show Phuket Tickets - Triplyn\",\"isPartOf\":{\"@id\":\"https:\\\/\\\/adultshowphuket.com\\\/#website\"},\"datePublished\":\"2024-08-27T12:39:40+00:00\",\"dateModified\":\"2024-11-21T17:30:21+00:00\",\"description\":\"Read Our Privacy Policy To Learn How Adult Show Phuket Protects Your Data. Your Trust Matters To Us For A Safe, Secure Booking.\",\"breadcrumb\":{\"@id\":\"https:\\\/\\\/adultshowphuket.com\\\/privacy-policy\\\/#breadcrumb\"},\"inLanguage\":\"es\",\"potentialAction\":[{\"@type\":\"ReadAction\",\"target\":[\"https:\\\/\\\/adultshowphuket.com\\\/privacy-policy\\\/\"]}]},{\"@type\":\"BreadcrumbList\",\"@id\":\"https:\\\/\\\/adultshowphuket.com\\\/privacy-policy\\\/#breadcrumb\",\"itemListElement\":[{\"@type\":\"ListItem\",\"position\":1,\"name\":\"Home\",\"item\":\"https:\\\/\\\/adultshowphuket.com\\\/\"},{\"@type\":\"ListItem\",\"position\":2,\"name\":\"Privacy Policy\"}]},{\"@type\":\"WebSite\",\"@id\":\"https:\\\/\\\/adultshowphuket.com\\\/#website\",\"url\":\"https:\\\/\\\/adultshowphuket.com\\\/\",\"name\":\"Adult Show Phuket\",\"description\":\"\",\"publisher\":{\"@id\":\"https:\\\/\\\/adultshowphuket.com\\\/#organization\"},\"potentialAction\":[{\"@type\":\"SearchAction\",\"target\":{\"@type\":\"EntryPoint\",\"urlTemplate\":\"https:\\\/\\\/adultshowphuket.com\\\/?s={search_term_string}\"},\"query-input\":{\"@type\":\"PropertyValueSpecification\",\"valueRequired\":true,\"valueName\":\"search_term_string\"}}],\"inLanguage\":\"es\"},{\"@type\":\"Organization\",\"@id\":\"https:\\\/\\\/adultshowphuket.com\\\/#organization\",\"name\":\"Adult Show Phuket\",\"url\":\"https:\\\/\\\/adultshowphuket.com\\\/\",\"logo\":{\"@type\":\"ImageObject\",\"inLanguage\":\"es\",\"@id\":\"https:\\\/\\\/adultshowphuket.com\\\/#\\\/schema\\\/logo\\\/image\\\/\",\"url\":\"https:\\\/\\\/adultshowphuket.com\\\/wp-content\\\/uploads\\\/2024\\\/08\\\/Adult-Show-Phuket.png\",\"contentUrl\":\"https:\\\/\\\/adultshowphuket.com\\\/wp-content\\\/uploads\\\/2024\\\/08\\\/Adult-Show-Phuket.png\",\"width\":350,\"height\":100,\"caption\":\"Adult Show Phuket\"},\"image\":{\"@id\":\"https:\\\/\\\/adultshowphuket.com\\\/#\\\/schema\\\/logo\\\/image\\\/\"}}]}<\/script>\n<!-- \/ Yoast SEO plugin. -->","yoast_head_json":{"title":"Pol\u00edtica de privacidad | Entradas para espect\u00e1culos para adultos en Phuket - Triplyn","description":"Lea nuestra pol\u00edtica de privacidad para saber c\u00f3mo Adult Show Phuket protege sus datos. Su confianza es importante para nosotros para que pueda realizar una reserva segura.","robots":{"index":"noindex","follow":"follow"},"og_locale":"es_ES","og_type":"article","og_title":"Privacy Policy | Adult Show Phuket Tickets - Triplyn","og_description":"Read Our Privacy Policy To Learn How Adult Show Phuket Protects Your Data. Your Trust Matters To Us For A Safe, Secure Booking.","og_url":"https:\/\/adultshowphuket.com\/es\/politica-de-privacidad\/","og_site_name":"Adult Show Phuket","article_modified_time":"2024-11-21T17:30:21+00:00","twitter_card":"summary_large_image","twitter_misc":{"Tiempo de lectura":"3 minutos"},"schema":{"@context":"https:\/\/schema.org","@graph":[{"@type":"WebPage","@id":"https:\/\/adultshowphuket.com\/privacy-policy\/","url":"https:\/\/adultshowphuket.com\/privacy-policy\/","name":"Pol\u00edtica de privacidad | Entradas para espect\u00e1culos para adultos en Phuket - Triplyn","isPartOf":{"@id":"https:\/\/adultshowphuket.com\/#website"},"datePublished":"2024-08-27T12:39:40+00:00","dateModified":"2024-11-21T17:30:21+00:00","description":"Lea nuestra pol\u00edtica de privacidad para saber c\u00f3mo Adult Show Phuket protege sus datos. Su confianza es importante para nosotros para que pueda realizar una reserva segura.","breadcrumb":{"@id":"https:\/\/adultshowphuket.com\/privacy-policy\/#breadcrumb"},"inLanguage":"es","potentialAction":[{"@type":"ReadAction","target":["https:\/\/adultshowphuket.com\/privacy-policy\/"]}]},{"@type":"BreadcrumbList","@id":"https:\/\/adultshowphuket.com\/privacy-policy\/#breadcrumb","itemListElement":[{"@type":"ListItem","position":1,"name":"Home","item":"https:\/\/adultshowphuket.com\/"},{"@type":"ListItem","position":2,"name":"Privacy Policy"}]},{"@type":"WebSite","@id":"https:\/\/adultshowphuket.com\/#website","url":"https:\/\/adultshowphuket.com\/","name":"Espect\u00e1culo para adultos en Phuket","description":"","publisher":{"@id":"https:\/\/adultshowphuket.com\/#organization"},"potentialAction":[{"@type":"SearchAction","target":{"@type":"EntryPoint","urlTemplate":"https:\/\/adultshowphuket.com\/?s={search_term_string}"},"query-input":{"@type":"PropertyValueSpecification","valueRequired":true,"valueName":"search_term_string"}}],"inLanguage":"es"},{"@type":"Organization","@id":"https:\/\/adultshowphuket.com\/#organization","name":"Espect\u00e1culo para adultos en Phuket","url":"https:\/\/adultshowphuket.com\/","logo":{"@type":"ImageObject","inLanguage":"es","@id":"https:\/\/adultshowphuket.com\/#\/schema\/logo\/image\/","url":"https:\/\/adultshowphuket.com\/wp-content\/uploads\/2024\/08\/Adult-Show-Phuket.png","contentUrl":"https:\/\/adultshowphuket.com\/wp-content\/uploads\/2024\/08\/Adult-Show-Phuket.png","width":350,"height":100,"caption":"Adult Show Phuket"},"image":{"@id":"https:\/\/adultshowphuket.com\/#\/schema\/logo\/image\/"}}]}},"jetpack_sharing_enabled":true,"_links":{"self":[{"href":"https:\/\/adultshowphuket.com\/es\/wp-json\/wp\/v2\/pages\/3","targetHints":{"allow":["GET"]}}],"collection":[{"href":"https:\/\/adultshowphuket.com\/es\/wp-json\/wp\/v2\/pages"}],"about":[{"href":"https:\/\/adultshowphuket.com\/es\/wp-json\/wp\/v2\/types\/page"}],"author":[{"embeddable":true,"href":"https:\/\/adultshowphuket.com\/es\/wp-json\/wp\/v2\/users\/1"}],"replies":[{"embeddable":true,"href":"https:\/\/adultshowphuket.com\/es\/wp-json\/wp\/v2\/comments?post=3"}],"version-history":[{"count":27,"href":"https:\/\/adultshowphuket.com\/es\/wp-json\/wp\/v2\/pages\/3\/revisions"}],"predecessor-version":[{"id":3197,"href":"https:\/\/adultshowphuket.com\/es\/wp-json\/wp\/v2\/pages\/3\/revisions\/3197"}],"wp:attachment":[{"href":"https:\/\/adultshowphuket.com\/es\/wp-json\/wp\/v2\/media?parent=3"}],"curies":[{"name":"wp","href":"https:\/\/api.w.org\/{rel}","templated":true}]}}