{"id":2373,"date":"2024-10-14T17:49:58","date_gmt":"2024-10-14T12:19:58","guid":{"rendered":"https:\/\/adultshowphuket.com\/?page_id=2373"},"modified":"2025-05-19T13:34:16","modified_gmt":"2025-05-19T08:04:16","slug":"contactenos","status":"publish","type":"page","link":"https:\/\/adultshowphuket.com\/es\/contactenos\/","title":{"rendered":"Cont\u00e1ctenos"},"content":{"rendered":"<div data-elementor-type=\"wp-page\" data-elementor-id=\"2373\" class=\"elementor elementor-2373\" data-elementor-post-type=\"page\">\n\t\t\t\t\t\t<section data-particle_enable=\"false\" data-particle-mobile-disabled=\"false\" class=\"elementor-section elementor-top-section elementor-element elementor-element-f3e94ce elementor-section-boxed elementor-section-height-default elementor-section-height-default\" data-id=\"f3e94ce\" data-element_type=\"section\" data-e-type=\"section\">\n\t\t\t\t\t\t<div class=\"elementor-container elementor-column-gap-default\">\n\t\t\t\t\t<div class=\"elementor-column elementor-col-100 elementor-top-column elementor-element elementor-element-39bb9e9\" data-id=\"39bb9e9\" data-element_type=\"column\" data-e-type=\"column\">\n\t\t\t<div class=\"elementor-widget-wrap elementor-element-populated\">\n\t\t\t\t\t\t<div class=\"elementor-element elementor-element-7c4897a elementor-widget elementor-widget-text-editor\" data-id=\"7c4897a\" data-element_type=\"widget\" data-e-type=\"widget\" data-widget_type=\"text-editor.default\">\n\t\t\t\t<div class=\"elementor-widget-container\">\n\t\t\t\t\t\t\t\t\t<h2 style=\"text-align: center;\"><span style=\"color: #000000;\"><strong>Cont\u00e1ctenos<\/strong><\/span><\/h2><p><span style=\"color: #000000;\">En <em>Club del despertar<\/em> Phuket, nos comprometemos a brindar una experiencia excepcional a todos nuestros visitantes. Ya sea que necesite ayuda con las reservas de entradas, tenga preguntas sobre el espect\u00e1culo o requiera asistencia para sus planes de viaje, nuestro equipo especializado est\u00e1 aqu\u00ed para garantizar que todo salga bien.<\/span><\/p><hr \/><p><span style=\"color: #000000;\"><strong>C\u00f3mo llegar a nosotros<\/strong><\/span><\/p><p><span style=\"color: #000000;\">Si tiene alguna pregunta, inquietud o necesita ayuda con su reserva, no dude en comunicarse con nosotros. Nos esforzamos por brindar respuestas r\u00e1pidas y \u00fatiles.<\/span><\/p><p><span style=\"color: #000000;\"><strong>Correo electr\u00f3nico<\/strong>: <strong><a style=\"color: #000000;\" href=\"mailto:contact@adultshowphuket.com\" rel=\"noopener\">contact@adultshowphuket.com<\/a><\/strong><\/span><\/p><p><span style=\"color: #000000;\"><strong>Chat en vivo<\/strong><\/span><br \/><span style=\"color: #000000;\">Para consultas inmediatas, utilice nuestro <a href=\"https:\/\/direct.lc.chat\/18378282\/\"><strong>Chat en vivo<\/strong><\/a> en nuestro sitio web. Obtenga ayuda instant\u00e1nea y resuelva sus inquietudes sin demora.<\/span><\/p><hr \/><p><span style=\"color: #000000;\"><strong>Horario de atenci\u00f3n al cliente<\/strong><\/span><\/p><p><span style=\"color: #000000;\">Nuestro equipo de atenci\u00f3n al cliente est\u00e1 disponible para ayudarlo y garantizar que su experiencia con <a href=\"https:\/\/adultshowphuket.com\/es\/\"><em>Club del despertar<\/em><\/a> Es fluido y agradable.<\/span><\/p><p><span style=\"color: #000000;\">\ud83d\udd52 <strong>Disponibilidad de soporte<\/strong>:24\/7, todos los d\u00edas de la semana.<\/span><\/p><hr \/><p><span style=\"color: #000000;\"><strong>\u00bfPor qu\u00e9 contactar? <em>Club del despertar<\/em> \u00bfPhuket?<\/strong><\/span><\/p><p><span style=\"color: #000000;\">En <em>Club del despertar<\/em> Phuket, nuestro objetivo es ofrecer un servicio al cliente excepcional para que su visita sea inolvidable. Ya sea que necesite ayuda con la reserva de entradas, tenga preguntas sobre el espect\u00e1culo o necesite ayuda con el pago o los preparativos del viaje, estamos aqu\u00ed para garantizar que todo est\u00e9 bajo control.<\/span><\/p><p><span style=\"color: #000000;\">\u00a1Esperamos poder ayudarle a experimentar el mejor entretenimiento para adultos en Phuket!<\/span><\/p>\t\t\t\t\t\t\t\t<\/div>\n\t\t\t\t<\/div>\n\t\t\t\t\t<\/div>\n\t\t<\/div>\n\t\t\t\t\t<\/div>\n\t\t<\/section>\n\t\t\t\t<\/div>","protected":false},"excerpt":{"rendered":"<p>Contact Us At Wake Up Club Phuket, we are committed to providing an exceptional experience for all our visitors. Whether you need assistance with ticket bookings, have questions about the show, or require support for your travel plans, our dedicated team is here to ensure everything goes smoothly. How to Reach Us For any questions, [&hellip;]<\/p>\n","protected":false},"author":1,"featured_media":0,"parent":0,"menu_order":0,"comment_status":"closed","ping_status":"closed","template":"","meta":{"ocean_post_layout":"","ocean_both_sidebars_style":"","ocean_both_sidebars_content_width":0,"ocean_both_sidebars_sidebars_width":0,"ocean_sidebar":"","ocean_second_sidebar":"","ocean_disable_margins":"enable","ocean_add_body_class":"","ocean_shortcode_before_top_bar":"","ocean_shortcode_after_top_bar":"","ocean_shortcode_before_header":"","ocean_shortcode_after_header":"","ocean_has_shortcode":"","ocean_shortcode_after_title":"","ocean_shortcode_before_footer_widgets":"","ocean_shortcode_after_footer_widgets":"","ocean_shortcode_before_footer_bottom":"","ocean_shortcode_after_footer_bottom":"","ocean_display_top_bar":"default","ocean_display_header":"default","ocean_header_style":"","ocean_center_header_left_menu":"","ocean_custom_header_template":"","ocean_custom_logo":0,"ocean_custom_retina_logo":0,"ocean_custom_logo_max_width":0,"ocean_custom_logo_tablet_max_width":0,"ocean_custom_logo_mobile_max_width":0,"ocean_custom_logo_max_height":0,"ocean_custom_logo_tablet_max_height":0,"ocean_custom_logo_mobile_max_height":0,"ocean_header_custom_menu":"","ocean_menu_typo_font_family":"","ocean_menu_typo_font_subset":"","ocean_menu_typo_font_size":0,"ocean_menu_typo_font_size_tablet":0,"ocean_menu_typo_font_size_mobile":0,"ocean_menu_typo_font_size_unit":"px","ocean_menu_typo_font_weight":"","ocean_menu_typo_font_weight_tablet":"","ocean_menu_typo_font_weight_mobile":"","ocean_menu_typo_transform":"","ocean_menu_typo_transform_tablet":"","ocean_menu_typo_transform_mobile":"","ocean_menu_typo_line_height":0,"ocean_menu_typo_line_height_tablet":0,"ocean_menu_typo_line_height_mobile":0,"ocean_menu_typo_line_height_unit":"","ocean_menu_typo_spacing":0,"ocean_menu_typo_spacing_tablet":0,"ocean_menu_typo_spacing_mobile":0,"ocean_menu_typo_spacing_unit":"","ocean_menu_link_color":"","ocean_menu_link_color_hover":"","ocean_menu_link_color_active":"","ocean_menu_link_background":"","ocean_menu_link_hover_background":"","ocean_menu_link_active_background":"","ocean_menu_social_links_bg":"","ocean_menu_social_hover_links_bg":"","ocean_menu_social_links_color":"","ocean_menu_social_hover_links_color":"","ocean_disable_title":"default","ocean_disable_heading":"default","ocean_post_title":"","ocean_post_subheading":"","ocean_post_title_style":"","ocean_post_title_background_color":"","ocean_post_title_background":0,"ocean_post_title_bg_image_position":"","ocean_post_title_bg_image_attachment":"","ocean_post_title_bg_image_repeat":"","ocean_post_title_bg_image_size":"","ocean_post_title_height":0,"ocean_post_title_bg_overlay":0.5,"ocean_post_title_bg_overlay_color":"","ocean_disable_breadcrumbs":"default","ocean_breadcrumbs_color":"","ocean_breadcrumbs_separator_color":"","ocean_breadcrumbs_links_color":"","ocean_breadcrumbs_links_hover_color":"","ocean_display_footer_widgets":"default","ocean_display_footer_bottom":"default","ocean_custom_footer_template":"","footnotes":""},"class_list":["post-2373","page","type-page","status-publish","hentry","entry","owp-thumbs-layout-horizontal","owp-btn-normal","owp-tabs-layout-horizontal","has-no-thumbnails","has-product-nav"],"yoast_head":"<!-- This site is optimized with the Yoast SEO plugin v27.5 - https:\/\/yoast.com\/product\/yoast-seo-wordpress\/ -->\n<title>Contact Us | Adult Show Phuket Tickets - Reach Triplyn Team<\/title>\n<meta name=\"description\" content=\"Connect With Adult Show Phuket For Ticket Booking Assistance And Inquiries. Reach Out Today For A Smooth And Enjoyable Experience!\" \/>\n<meta name=\"robots\" content=\"noindex, follow\" \/>\n<meta property=\"og:locale\" content=\"es_ES\" \/>\n<meta property=\"og:type\" content=\"article\" \/>\n<meta property=\"og:title\" content=\"Contact Us | Adult Show Phuket Tickets - Reach Triplyn Team\" \/>\n<meta property=\"og:description\" content=\"Connect With Adult Show Phuket For Ticket Booking Assistance And Inquiries. Reach Out Today For A Smooth And Enjoyable Experience!\" \/>\n<meta property=\"og:url\" content=\"https:\/\/adultshowphuket.com\/es\/contactenos\/\" \/>\n<meta property=\"og:site_name\" content=\"Adult Show Phuket\" \/>\n<meta property=\"article:modified_time\" content=\"2025-05-19T08:04:16+00:00\" \/>\n<meta name=\"twitter:card\" content=\"summary_large_image\" \/>\n<meta name=\"twitter:label1\" content=\"Tiempo de lectura\" \/>\n\t<meta name=\"twitter:data1\" content=\"2 minutos\" \/>\n<script type=\"application\/ld+json\" class=\"yoast-schema-graph\">{\"@context\":\"https:\\\/\\\/schema.org\",\"@graph\":[{\"@type\":\"WebPage\",\"@id\":\"https:\\\/\\\/adultshowphuket.com\\\/contact-us\\\/\",\"url\":\"https:\\\/\\\/adultshowphuket.com\\\/contact-us\\\/\",\"name\":\"Contact Us | Adult Show Phuket Tickets - Reach Triplyn Team\",\"isPartOf\":{\"@id\":\"https:\\\/\\\/adultshowphuket.com\\\/#website\"},\"datePublished\":\"2024-10-14T12:19:58+00:00\",\"dateModified\":\"2025-05-19T08:04:16+00:00\",\"description\":\"Connect With Adult Show Phuket For Ticket Booking Assistance And Inquiries. Reach Out Today For A Smooth And Enjoyable Experience!\",\"breadcrumb\":{\"@id\":\"https:\\\/\\\/adultshowphuket.com\\\/contact-us\\\/#breadcrumb\"},\"inLanguage\":\"es\",\"potentialAction\":[{\"@type\":\"ReadAction\",\"target\":[\"https:\\\/\\\/adultshowphuket.com\\\/contact-us\\\/\"]}]},{\"@type\":\"BreadcrumbList\",\"@id\":\"https:\\\/\\\/adultshowphuket.com\\\/contact-us\\\/#breadcrumb\",\"itemListElement\":[{\"@type\":\"ListItem\",\"position\":1,\"name\":\"Home\",\"item\":\"https:\\\/\\\/adultshowphuket.com\\\/\"},{\"@type\":\"ListItem\",\"position\":2,\"name\":\"Contact Us\"}]},{\"@type\":\"WebSite\",\"@id\":\"https:\\\/\\\/adultshowphuket.com\\\/#website\",\"url\":\"https:\\\/\\\/adultshowphuket.com\\\/\",\"name\":\"Adult Show Phuket\",\"description\":\"\",\"publisher\":{\"@id\":\"https:\\\/\\\/adultshowphuket.com\\\/#organization\"},\"potentialAction\":[{\"@type\":\"SearchAction\",\"target\":{\"@type\":\"EntryPoint\",\"urlTemplate\":\"https:\\\/\\\/adultshowphuket.com\\\/?s={search_term_string}\"},\"query-input\":{\"@type\":\"PropertyValueSpecification\",\"valueRequired\":true,\"valueName\":\"search_term_string\"}}],\"inLanguage\":\"es\"},{\"@type\":\"Organization\",\"@id\":\"https:\\\/\\\/adultshowphuket.com\\\/#organization\",\"name\":\"Adult Show Phuket\",\"url\":\"https:\\\/\\\/adultshowphuket.com\\\/\",\"logo\":{\"@type\":\"ImageObject\",\"inLanguage\":\"es\",\"@id\":\"https:\\\/\\\/adultshowphuket.com\\\/#\\\/schema\\\/logo\\\/image\\\/\",\"url\":\"https:\\\/\\\/adultshowphuket.com\\\/wp-content\\\/uploads\\\/2024\\\/08\\\/Adult-Show-Phuket.png\",\"contentUrl\":\"https:\\\/\\\/adultshowphuket.com\\\/wp-content\\\/uploads\\\/2024\\\/08\\\/Adult-Show-Phuket.png\",\"width\":350,\"height\":100,\"caption\":\"Adult Show Phuket\"},\"image\":{\"@id\":\"https:\\\/\\\/adultshowphuket.com\\\/#\\\/schema\\\/logo\\\/image\\\/\"}}]}<\/script>\n<!-- \/ Yoast SEO plugin. -->","yoast_head_json":{"title":"Cont\u00e1ctenos | Entradas para espect\u00e1culos para adultos en Phuket - Reach Triplyn Team","description":"Con\u00e9ctese con Adult Show Phuket para obtener ayuda y realizar consultas sobre la reserva de entradas. \u00a1Comun\u00edquese hoy mismo para disfrutar de una experiencia agradable y sin complicaciones!","robots":{"index":"noindex","follow":"follow"},"og_locale":"es_ES","og_type":"article","og_title":"Contact Us | Adult Show Phuket Tickets - Reach Triplyn Team","og_description":"Connect With Adult Show Phuket For Ticket Booking Assistance And Inquiries. Reach Out Today For A Smooth And Enjoyable Experience!","og_url":"https:\/\/adultshowphuket.com\/es\/contactenos\/","og_site_name":"Adult Show Phuket","article_modified_time":"2025-05-19T08:04:16+00:00","twitter_card":"summary_large_image","twitter_misc":{"Tiempo de lectura":"2 minutos"},"schema":{"@context":"https:\/\/schema.org","@graph":[{"@type":"WebPage","@id":"https:\/\/adultshowphuket.com\/contact-us\/","url":"https:\/\/adultshowphuket.com\/contact-us\/","name":"Cont\u00e1ctenos | Entradas para espect\u00e1culos para adultos en Phuket - Reach Triplyn Team","isPartOf":{"@id":"https:\/\/adultshowphuket.com\/#website"},"datePublished":"2024-10-14T12:19:58+00:00","dateModified":"2025-05-19T08:04:16+00:00","description":"Con\u00e9ctese con Adult Show Phuket para obtener ayuda y realizar consultas sobre la reserva de entradas. \u00a1Comun\u00edquese hoy mismo para disfrutar de una experiencia agradable y sin complicaciones!","breadcrumb":{"@id":"https:\/\/adultshowphuket.com\/contact-us\/#breadcrumb"},"inLanguage":"es","potentialAction":[{"@type":"ReadAction","target":["https:\/\/adultshowphuket.com\/contact-us\/"]}]},{"@type":"BreadcrumbList","@id":"https:\/\/adultshowphuket.com\/contact-us\/#breadcrumb","itemListElement":[{"@type":"ListItem","position":1,"name":"Home","item":"https:\/\/adultshowphuket.com\/"},{"@type":"ListItem","position":2,"name":"Contact Us"}]},{"@type":"WebSite","@id":"https:\/\/adultshowphuket.com\/#website","url":"https:\/\/adultshowphuket.com\/","name":"Espect\u00e1culo para adultos en Phuket","description":"","publisher":{"@id":"https:\/\/adultshowphuket.com\/#organization"},"potentialAction":[{"@type":"SearchAction","target":{"@type":"EntryPoint","urlTemplate":"https:\/\/adultshowphuket.com\/?s={search_term_string}"},"query-input":{"@type":"PropertyValueSpecification","valueRequired":true,"valueName":"search_term_string"}}],"inLanguage":"es"},{"@type":"Organization","@id":"https:\/\/adultshowphuket.com\/#organization","name":"Espect\u00e1culo para adultos en Phuket","url":"https:\/\/adultshowphuket.com\/","logo":{"@type":"ImageObject","inLanguage":"es","@id":"https:\/\/adultshowphuket.com\/#\/schema\/logo\/image\/","url":"https:\/\/adultshowphuket.com\/wp-content\/uploads\/2024\/08\/Adult-Show-Phuket.png","contentUrl":"https:\/\/adultshowphuket.com\/wp-content\/uploads\/2024\/08\/Adult-Show-Phuket.png","width":350,"height":100,"caption":"Adult Show Phuket"},"image":{"@id":"https:\/\/adultshowphuket.com\/#\/schema\/logo\/image\/"}}]}},"jetpack_sharing_enabled":true,"_links":{"self":[{"href":"https:\/\/adultshowphuket.com\/es\/wp-json\/wp\/v2\/pages\/2373","targetHints":{"allow":["GET"]}}],"collection":[{"href":"https:\/\/adultshowphuket.com\/es\/wp-json\/wp\/v2\/pages"}],"about":[{"href":"https:\/\/adultshowphuket.com\/es\/wp-json\/wp\/v2\/types\/page"}],"author":[{"embeddable":true,"href":"https:\/\/adultshowphuket.com\/es\/wp-json\/wp\/v2\/users\/1"}],"replies":[{"embeddable":true,"href":"https:\/\/adultshowphuket.com\/es\/wp-json\/wp\/v2\/comments?post=2373"}],"version-history":[{"count":32,"href":"https:\/\/adultshowphuket.com\/es\/wp-json\/wp\/v2\/pages\/2373\/revisions"}],"predecessor-version":[{"id":3302,"href":"https:\/\/adultshowphuket.com\/es\/wp-json\/wp\/v2\/pages\/2373\/revisions\/3302"}],"wp:attachment":[{"href":"https:\/\/adultshowphuket.com\/es\/wp-json\/wp\/v2\/media?parent=2373"}],"curies":[{"name":"wp","href":"https:\/\/api.w.org\/{rel}","templated":true}]}}